{"id":4444,"date":"2025-01-28T12:17:02","date_gmt":"2025-01-28T17:17:02","guid":{"rendered":"https:\/\/www.frenzytours.com\/devenir-partenaire\/"},"modified":"2025-09-28T16:09:04","modified_gmt":"2025-09-28T20:09:04","slug":"become-a-partner","status":"publish","type":"page","link":"https:\/\/www.frenzytours.com\/en\/become-a-partner\/","title":{"rendered":"Become a partner"},"content":{"rendered":"\t\t<div data-elementor-type=\"wp-page\" data-elementor-id=\"4444\" class=\"elementor elementor-4444 elementor-3935\" data-elementor-post-type=\"page\">\n\t\t\t\t<div class=\"elementor-element elementor-element-2e0f9245 e-flex e-con-boxed e-con e-parent\" data-id=\"2e0f9245\" data-element_type=\"container\">\n\t\t\t\t\t<div class=\"e-con-inner\">\n\t\t<div class=\"elementor-element elementor-element-5d93d08b e-con-full e-flex e-con e-child\" data-id=\"5d93d08b\" data-element_type=\"container\">\n\t\t\t\t<div class=\"elementor-element elementor-element-6e19ad4f elementor-widget elementor-widget-heading\" data-id=\"6e19ad4f\" data-element_type=\"widget\" data-widget_type=\"heading.default\">\n\t\t\t\t<div class=\"elementor-widget-container\">\n\t\t\t\t\t<h1 class=\"elementor-heading-title elementor-size-default\">Become a partner<\/h1>\t\t\t\t<\/div>\n\t\t\t\t<\/div>\n\t\t\t\t<\/div>\n\t\t\t\t\t<\/div>\n\t\t\t\t<\/div>\n\t\t<div class=\"elementor-element elementor-element-f4aca9a e-flex e-con-boxed e-con e-parent\" data-id=\"f4aca9a\" data-element_type=\"container\">\n\t\t\t\t\t<div class=\"e-con-inner\">\n\t\t<div class=\"elementor-element elementor-element-2433d06b e-con-full e-flex e-con e-child\" data-id=\"2433d06b\" data-element_type=\"container\">\n\t\t<div class=\"elementor-element elementor-element-3eae9c6 e-con-full e-flex e-con e-child\" data-id=\"3eae9c6\" data-element_type=\"container\">\n\t\t\t\t<div class=\"elementor-element elementor-element-7009c75 elementor-widget elementor-widget-formidable\" data-id=\"7009c75\" data-element_type=\"widget\" data-widget_type=\"formidable.default\">\n\t\t\t\t<div class=\"elementor-widget-container\">\n\t\t\t\t\t<link rel='stylesheet' id='formidable-css' href='https:\/\/www.frenzytours.com\/wp-content\/plugins\/formidable\/css\/formidableforms.css?ver=1061358' type='text\/css' media='all' \/>\n<div class=\"frm_forms  with_frm_style frm_style_formidable-style\" id=\"frm_form_6_container\" data-token=\"713de788bad5be56ed5f853c98ce77d4\">\n<form enctype=\"multipart\/form-data\" method=\"post\" class=\"frm-show-form  frm_ajax_submit  frm_pro_form \" id=\"form_partner-en\" data-token=\"713de788bad5be56ed5f853c98ce77d4\">\n<div class=\"frm_form_fields \">\n<fieldset>\n<legend class=\"frm_screen_reader\">Become a partner - English<\/legend>\r\n\r\n<div class=\"frm_fields_container\">\n<input type=\"hidden\" name=\"frm_action\" value=\"create\" \/>\n<input type=\"hidden\" name=\"form_id\" value=\"6\" \/>\n<input type=\"hidden\" name=\"frm_hide_fields_6\" id=\"frm_hide_fields_6\" value=\"\" \/>\n<input type=\"hidden\" name=\"form_key\" value=\"partner-en\" \/>\n<input type=\"hidden\" name=\"item_meta[0]\" value=\"\" \/>\n<input type=\"hidden\" id=\"frm_submit_entry_6\" name=\"frm_submit_entry_6\" value=\"4f82f0b078\" \/><input type=\"hidden\" name=\"_wp_http_referer\" value=\"\/en\/wp-json\/wp\/v2\/pages\/4444\" \/><div id=\"frm_field_52_container\" class=\"frm_form_field frm_section_heading form-field  frm6 frm_first\">\r\n<h3 class=\"frm_pos_top frm_section_spacing\">Agency Information<\/h3>\r\n\r\n\r\n<div id=\"frm_field_53_container\" class=\"frm_form_field form-field  frm_required_field frm_top_container frm12 frm_first\">\r\n    <label for=\"field_qh4icy32\" id=\"field_qh4icy32_label\" class=\"frm_primary_label\">Name of agency\r\n        <span class=\"frm_required\" aria-hidden=\"true\">*<\/span>\r\n    <\/label>\r\n    <input  type=\"text\" id=\"field_qh4icy32\" name=\"item_meta[53]\" value=\"\"  data-sectionid=\"52\"  data-reqmsg=\"Name of agency cannot be blank.\" aria-required=\"true\" data-invmsg=\"Name is invalid\" aria-invalid=\"false\"   \/>\r\n    \r\n    \r\n<\/div>\n<div id=\"frm_field_54_container\" class=\"frm_form_field form-field  frm_required_field frm_top_container\">\r\n\t<label for=\"field_c5s832\" id=\"field_c5s832_label\" class=\"frm_primary_label\">Agency group\r\n\t\t<span class=\"frm_required\" aria-hidden=\"true\">*<\/span>\r\n\t<\/label>\r\n\t\t\t<select name=\"item_meta[54]\" id=\"field_c5s832\"  data-sectionid=\"52\"  data-reqmsg=\"Agency group cannot be blank.\" aria-required=\"true\" data-invmsg=\"Agency group is invalid\" aria-invalid=\"false\"  >\n\t\t<option  value=\"Agence de voyage autonome\">Agence de voyage autonome<\/option><option  value=\"Carlson-WagonLit\">Carlson-WagonLit<\/option><option  value=\"Club Voyage\">Club Voyage<\/option><option  value=\"Avantage\">Avantage<\/option><option  value=\"Associatour\">Associatour<\/option><option  value=\"Atrium\">Atrium<\/option><option  value=\"BTI\">BTI<\/option><option  value=\"CAA\">CAA<\/option><option  value=\"Campus\">Campus<\/option><option  value=\"En Libert\u00e9\">En Libert\u00e9<\/option><option  value=\"R\u00e9seau Ensemble\">R\u00e9seau Ensemble<\/option><option  value=\"Fascination\">Fascination<\/option><option  value=\"Funtastique\">Funtastique<\/option><option  value=\"Groupe Voyage Hone\">Groupe Voyage Hone<\/option><option  value=\"SellOffVacations\">SellOffVacations<\/option><option  value=\"Thomas Cook\">Thomas Cook<\/option><option  value=\"TravelCuts\">TravelCuts<\/option><option  value=\"Uniglobe\">Uniglobe<\/option><option  value=\"Voyages En Direct (VED)\">Voyages En Direct (VED)<\/option><option  value=\"Voyages Sears\">Voyages Sears<\/option><option  value=\"Voyages Vasco\/Gama (VAS)\">Voyages Vasco\/Gama (VAS)<\/option>\t<\/select>\n\t\r\n\t\r\n\t\r\n<\/div>\n<div id=\"frm_field_55_container\" class=\"frm_form_field form-field  frm_required_field frm_top_container frm12\">\r\n    <label for=\"field_ocfup132\" id=\"field_ocfup132_label\" class=\"frm_primary_label\">License number\r\n        <span class=\"frm_required\" aria-hidden=\"true\">*<\/span>\r\n    <\/label>\r\n    <input  type=\"text\" id=\"field_ocfup132\" name=\"item_meta[55]\" value=\"\"  data-sectionid=\"52\"  data-reqmsg=\"License number cannot be blank.\" aria-required=\"true\" data-invmsg=\"Last is invalid\" aria-invalid=\"false\"   \/>\r\n    \r\n    \r\n<\/div>\n<div id=\"frm_field_56_container\" class=\"frm_form_field form-field  frm_required_field frm_top_container frm_full\">\r\n    <label for=\"field_29yf4d32\" id=\"field_29yf4d32_label\" class=\"frm_primary_label\">Email\r\n        <span class=\"frm_required\" aria-hidden=\"true\">*<\/span>\r\n    <\/label>\r\n    <input type=\"email\" id=\"field_29yf4d32\" name=\"item_meta[56]\" value=\"\"  data-sectionid=\"52\"  data-reqmsg=\"Email cannot be blank.\" aria-required=\"true\" data-invmsg=\"Please enter a valid email address\" aria-invalid=\"false\"  \/>\r\n    \r\n    \r\n<\/div>\n<div id=\"frm_field_57_container\" class=\"frm_form_field form-field  frm_required_field frm_top_container frm_full\">\r\n    <label for=\"field_e6lis632\" id=\"field_e6lis632_label\" class=\"frm_primary_label\">Phone number\r\n        <span class=\"frm_required\" aria-hidden=\"true\">*<\/span>\r\n    <\/label>\r\n    <input  type=\"text\" id=\"field_e6lis632\" name=\"item_meta[57]\" value=\"\"  data-sectionid=\"52\"  data-reqmsg=\"Phone number cannot be blank.\" aria-required=\"true\" data-invmsg=\"Subject is invalid\" aria-invalid=\"false\"   \/>\r\n    \r\n    \r\n<\/div>\n<div id=\"frm_field_58_container\" class=\"frm_form_field form-field  frm_top_container frm_full\">\r\n    <label for=\"field_qhaxx2\" id=\"field_qhaxx2_label\" class=\"frm_primary_label\">Second phone number\r\n        <span class=\"frm_required\" aria-hidden=\"true\"><\/span>\r\n    <\/label>\r\n    <input  type=\"text\" id=\"field_qhaxx2\" name=\"item_meta[58]\" value=\"\"  data-sectionid=\"52\"  data-invmsg=\"Subject is invalid\" aria-invalid=\"false\"   \/>\r\n    \r\n    \r\n<\/div>\n<div id=\"frm_field_59_container\" class=\"frm_form_field form-field  frm_top_container frm_full\">\r\n    <label for=\"field_yh9b62\" id=\"field_yh9b62_label\" class=\"frm_primary_label\">Fax\r\n        <span class=\"frm_required\" aria-hidden=\"true\"><\/span>\r\n    <\/label>\r\n    <input  type=\"text\" id=\"field_yh9b62\" name=\"item_meta[59]\" value=\"\"  data-sectionid=\"52\"  data-invmsg=\"Subject is invalid\" aria-invalid=\"false\"   \/>\r\n    \r\n    \r\n<\/div>\n<div id=\"frm_field_60_container\" class=\"frm_form_field form-field  frm_required_field frm_top_container frm_full\">\r\n    <label for=\"field_yskrw2\" id=\"field_yskrw2_label\" class=\"frm_primary_label\">Address\r\n        <span class=\"frm_required\" aria-hidden=\"true\">*<\/span>\r\n    <\/label>\r\n    <input  type=\"text\" id=\"field_yskrw2\" name=\"item_meta[60]\" value=\"\"  data-sectionid=\"52\"  data-reqmsg=\"Address cannot be blank.\" aria-required=\"true\" data-invmsg=\"Subject is invalid\" aria-invalid=\"false\"   \/>\r\n    \r\n    \r\n<\/div>\n<div id=\"frm_field_61_container\" class=\"frm_form_field form-field  frm_required_field frm_top_container frm_full\">\r\n    <label for=\"field_3arag2\" id=\"field_3arag2_label\" class=\"frm_primary_label\">City\r\n        <span class=\"frm_required\" aria-hidden=\"true\">*<\/span>\r\n    <\/label>\r\n    <input  type=\"text\" id=\"field_3arag2\" name=\"item_meta[61]\" value=\"\"  data-sectionid=\"52\"  data-reqmsg=\"City cannot be blank.\" aria-required=\"true\" data-invmsg=\"Subject is invalid\" aria-invalid=\"false\"   \/>\r\n    \r\n    \r\n<\/div>\n<div id=\"frm_field_62_container\" class=\"frm_form_field form-field  frm_required_field frm_top_container frm_full\">\r\n    <label for=\"field_3gvk52\" id=\"field_3gvk52_label\" class=\"frm_primary_label\">Postal code\r\n        <span class=\"frm_required\" aria-hidden=\"true\">*<\/span>\r\n    <\/label>\r\n    <input  type=\"text\" id=\"field_3gvk52\" name=\"item_meta[62]\" value=\"\"  data-sectionid=\"52\"  data-reqmsg=\"Postal code cannot be blank.\" aria-required=\"true\" data-invmsg=\"Subject is invalid\" aria-invalid=\"false\"   \/>\r\n    \r\n    \r\n<\/div>\n<div id=\"frm_field_63_container\" class=\"frm_form_field form-field  frm_required_field frm_top_container\">\r\n\t<label for=\"field_aomsb2\" id=\"field_aomsb2_label\" class=\"frm_primary_label\">Province\r\n\t\t<span class=\"frm_required\" aria-hidden=\"true\">*<\/span>\r\n\t<\/label>\r\n\t\t\t<select name=\"item_meta[63]\" id=\"field_aomsb2\"  data-sectionid=\"52\"  data-frmval=\"Qu\u00e9bec\" data-reqmsg=\"Province cannot be blank.\" aria-required=\"true\" data-invmsg=\"Province is invalid\" aria-invalid=\"false\"  >\n\t\t<option  value=\"Alberta\">Alberta<\/option><option  value=\"Colombie-Britannique\">Colombie-Britannique<\/option><option  value=\"\u00cele-du-Prince-\u00c9douard\">\u00cele-du-Prince-\u00c9douard<\/option><option  value=\"Manitoba\">Manitoba<\/option><option  value=\"Nouveau-Brunswick\">Nouveau-Brunswick<\/option><option  value=\"Nouvelle-\u00c9cosse\">Nouvelle-\u00c9cosse<\/option><option  value=\"Nunavut\">Nunavut<\/option><option  value=\"Ontario\">Ontario<\/option><option  value=\"Qu\u00e9bec\" selected='selected'>Qu\u00e9bec<\/option><option  value=\"Saskatchewan\">Saskatchewan<\/option><option  value=\"Terre-Neuve-et-Labrador\">Terre-Neuve-et-Labrador<\/option><option  value=\"Territoires du Nord-Ouest\">Territoires du Nord-Ouest<\/option><option  value=\"Yukon\">Yukon<\/option>\t<\/select>\n\t\r\n\t\r\n\t\r\n<\/div>\n<\/div>\n<div id=\"frm_field_65_container\" class=\"frm_form_field frm_section_heading form-field  frm6\">\r\n<h3 class=\"frm_pos_top frm_section_spacing\">Informations relatives au propri\u00e9taire<\/h3>\r\n\r\n\r\n<div id=\"frm_field_66_container\" class=\"frm_form_field form-field  frm_required_field frm_top_container frm12 frm_first\">\r\n    <label for=\"field_ym8nz2\" id=\"field_ym8nz2_label\" class=\"frm_primary_label\">First name\r\n        <span class=\"frm_required\" aria-hidden=\"true\">*<\/span>\r\n    <\/label>\r\n    <input  type=\"text\" id=\"field_ym8nz2\" name=\"item_meta[66]\" value=\"\"  data-sectionid=\"65\"  data-reqmsg=\"First name cannot be blank.\" aria-required=\"true\" data-invmsg=\"Name is invalid\" aria-invalid=\"false\"   \/>\r\n    \r\n    \r\n<\/div>\n<div id=\"frm_field_67_container\" class=\"frm_form_field form-field  frm_required_field frm_top_container frm12 frm_first\">\r\n    <label for=\"field_epded2\" id=\"field_epded2_label\" class=\"frm_primary_label\">Last name\r\n        <span class=\"frm_required\" aria-hidden=\"true\">*<\/span>\r\n    <\/label>\r\n    <input  type=\"text\" id=\"field_epded2\" name=\"item_meta[67]\" value=\"\"  data-sectionid=\"65\"  data-reqmsg=\"Last name cannot be blank.\" aria-required=\"true\" data-invmsg=\"Name is invalid\" aria-invalid=\"false\"   \/>\r\n    \r\n    \r\n<\/div>\n<div id=\"frm_field_68_container\" class=\"frm_form_field form-field  frm_required_field frm_top_container frm12 frm_first\">\r\n    <label for=\"field_wvdt82\" id=\"field_wvdt82_label\" class=\"frm_primary_label\">Personal phone number\r\n        <span class=\"frm_required\" aria-hidden=\"true\">*<\/span>\r\n    <\/label>\r\n    <input  type=\"text\" id=\"field_wvdt82\" name=\"item_meta[68]\" value=\"\"  data-sectionid=\"65\"  data-reqmsg=\"Personal phone number cannot be blank.\" aria-required=\"true\" data-invmsg=\"Name is invalid\" aria-invalid=\"false\"   \/>\r\n    \r\n    \r\n<\/div>\n<div id=\"frm_field_69_container\" class=\"frm_form_field form-field  frm_top_container frm12 frm_first\">\r\n    <label for=\"field_hjm72\" id=\"field_hjm72_label\" class=\"frm_primary_label\">Emergency phone number\r\n        <span class=\"frm_required\" aria-hidden=\"true\"><\/span>\r\n    <\/label>\r\n    <input  type=\"text\" id=\"field_hjm72\" name=\"item_meta[69]\" value=\"\"  data-sectionid=\"65\"  data-invmsg=\"Name is invalid\" aria-invalid=\"false\"   \/>\r\n    \r\n    \r\n<\/div>\n<\/div>\n<div id=\"frm_field_71_container\" class=\"frm_form_field  frm_html_container form-field\">\n<p>Les champs identifi\u00e9s par un ast\u00e9risque (*) sont obligatoires.<\/p>\n<\/div>\n<div id=\"frm_field_72_container\" class=\"frm_form_field form-field  frm_none_container\">\r\n\t<label for=\"h-captcha-response\" id=\"field_j4wvg2_label\" class=\"frm_primary_label\">Captcha\r\n\t\t<span class=\"frm_required\" aria-hidden=\"true\"><\/span>\r\n\t<\/label>\r\n\t<div  id=\"field_j4wvg2\" class=\"cf-turnstile\" data-sitekey=\"0x4AAAAAABAfKlYWmipxg0_1\" data-size=\"normal\" data-theme=\"light\"><\/div>\r\n\t\r\n\t\r\n<\/div>\n<div id=\"frm_field_73_container\" class=\"frm_form_field form-field \">\r\n\t<div class=\"frm_submit frm_flex\">\r\n<button class=\"frm_button_submit frm_final_submit\" type=\"submit\"   formnovalidate=\"formnovalidate\">Envoyer<\/button>\r\n\r\n\r\n\r\n<\/div>\r\n<\/div>\n\t<input type=\"hidden\" name=\"item_key\" value=\"\" \/>\n\t\t\t<div id=\"frm_field_106_container\">\n\t\t\t<label for=\"field_f17ya\" >\n\t\t\t\tIf you are human, leave this field blank.\t\t\t<\/label>\n\t\t\t<input  id=\"field_f17ya\" type=\"text\" class=\"frm_form_field form-field frm_verify\" name=\"item_meta[106]\" value=\"\"  \/>\n\t\t<\/div>\n\t\t<input name=\"frm_state\" type=\"hidden\" value=\"Ppi5Qb39lnSauW73ZrEJmYS0JTU5kBz7ReEs+1LG4DdmqHyqwMZr+d4pHN+oOvL5\" \/><\/div>\n<\/fieldset>\n<\/div>\n\n<\/form>\n<\/div>\n\t\t\t\t<\/div>\n\t\t\t\t<\/div>\n\t\t\t\t<\/div>\n\t\t\t\t<\/div>\n\t\t\t\t\t<\/div>\n\t\t\t\t<\/div>\n\t\t\t\t<\/div>\n\t\t","protected":false},"excerpt":{"rendered":"<p>Become a partner Become a partner &#8211; English Informations de l&#8217;agence Nom de l&#8217;agence * Groupement d&#8217;agence * Agence de voyage autonomeCarlson-WagonLitClub VoyageAvantageAssociatourAtriumBTICAACampusEn Libert\u00e9R\u00e9seau EnsembleFascinationFuntastiqueGroupe Voyage HoneSellOffVacationsThomas CookTravelCutsUniglobeVoyages En Direct (VED)Voyages SearsVoyages Vasco\/Gama (VAS)Num\u00e9ro de permis * Adresse courriel * T\u00e9l\u00e9phone principal * T\u00e9l\u00e9phone secondaire T\u00e9l\u00e9copieur Adresse * Ville * Code postal * Province * [&hellip;]<\/p>\n","protected":false},"author":1,"featured_media":0,"parent":0,"menu_order":0,"comment_status":"closed","ping_status":"closed","template":"","meta":{"_acf_changed":false,"footnotes":""},"class_list":["post-4444","page","type-page","status-publish","hentry"],"acf":[],"yoast_head":"<!-- This site is optimized with the Yoast SEO plugin v26.9 - https:\/\/yoast.com\/product\/yoast-seo-wordpress\/ -->\n<title>Become a partner | Frenzy Tours<\/title>\n<meta name=\"robots\" content=\"index, follow, max-snippet:-1, max-image-preview:large, max-video-preview:-1\" \/>\n<link rel=\"canonical\" href=\"https:\/\/www.frenzytours.com\/en\/become-a-partner\/\" \/>\n<meta property=\"og:locale\" content=\"en_US\" \/>\n<meta property=\"og:type\" content=\"article\" \/>\n<meta property=\"og:title\" content=\"Become a partner | Frenzy Tours\" \/>\n<meta property=\"og:description\" content=\"Become a partner Become a partner &#8211; English Informations de l&#8217;agence Nom de l&#8217;agence * Groupement d&#8217;agence * Agence de voyage autonomeCarlson-WagonLitClub VoyageAvantageAssociatourAtriumBTICAACampusEn Libert\u00e9R\u00e9seau EnsembleFascinationFuntastiqueGroupe Voyage HoneSellOffVacationsThomas CookTravelCutsUniglobeVoyages En Direct (VED)Voyages SearsVoyages Vasco\/Gama (VAS)Num\u00e9ro de permis * Adresse courriel * T\u00e9l\u00e9phone principal * T\u00e9l\u00e9phone secondaire T\u00e9l\u00e9copieur Adresse * Ville * Code postal * Province * [&hellip;]\" \/>\n<meta property=\"og:url\" content=\"https:\/\/www.frenzytours.com\/en\/become-a-partner\/\" \/>\n<meta property=\"og:site_name\" content=\"Frenzy Tours\" \/>\n<meta property=\"article:publisher\" content=\"https:\/\/www.facebook.com\/FrenzyTours\/\" \/>\n<meta property=\"article:modified_time\" content=\"2025-09-28T20:09:04+00:00\" \/>\n<meta property=\"og:image\" content=\"https:\/\/www.frenzytours.com\/wp-content\/uploads\/2025\/09\/frenzy-tours-banner.webp\" \/>\n\t<meta property=\"og:image:width\" content=\"1574\" \/>\n\t<meta property=\"og:image:height\" content=\"773\" \/>\n\t<meta property=\"og:image:type\" content=\"image\/webp\" \/>\n<meta name=\"twitter:card\" content=\"summary_large_image\" \/>\n<meta name=\"twitter:label1\" content=\"Est. reading time\" \/>\n\t<meta name=\"twitter:data1\" content=\"1 minute\" \/>\n<script type=\"application\/ld+json\" class=\"yoast-schema-graph\">{\"@context\":\"https:\/\/schema.org\",\"@graph\":[{\"@type\":\"WebPage\",\"@id\":\"https:\/\/www.frenzytours.com\/en\/become-a-partner\/\",\"url\":\"https:\/\/www.frenzytours.com\/en\/become-a-partner\/\",\"name\":\"Become a partner | Frenzy Tours\",\"isPartOf\":{\"@id\":\"https:\/\/www.frenzytours.com\/#website\"},\"datePublished\":\"2025-01-28T17:17:02+00:00\",\"dateModified\":\"2025-09-28T20:09:04+00:00\",\"breadcrumb\":{\"@id\":\"https:\/\/www.frenzytours.com\/en\/become-a-partner\/#breadcrumb\"},\"inLanguage\":\"en-US\",\"potentialAction\":[{\"@type\":\"ReadAction\",\"target\":[\"https:\/\/www.frenzytours.com\/en\/become-a-partner\/\"]}]},{\"@type\":\"BreadcrumbList\",\"@id\":\"https:\/\/www.frenzytours.com\/en\/become-a-partner\/#breadcrumb\",\"itemListElement\":[{\"@type\":\"ListItem\",\"position\":1,\"name\":\"Home\",\"item\":\"https:\/\/www.frenzytours.com\/en\/home\/\"},{\"@type\":\"ListItem\",\"position\":2,\"name\":\"Become a partner\"}]},{\"@type\":\"WebSite\",\"@id\":\"https:\/\/www.frenzytours.com\/#website\",\"url\":\"https:\/\/www.frenzytours.com\/\",\"name\":\"Frenzy Tours\",\"description\":\"The specialist in bus tour travel\",\"publisher\":{\"@id\":\"https:\/\/www.frenzytours.com\/#organization\"},\"potentialAction\":[{\"@type\":\"SearchAction\",\"target\":{\"@type\":\"EntryPoint\",\"urlTemplate\":\"https:\/\/www.frenzytours.com\/?s={search_term_string}\"},\"query-input\":{\"@type\":\"PropertyValueSpecification\",\"valueRequired\":true,\"valueName\":\"search_term_string\"}}],\"inLanguage\":\"en-US\"},{\"@type\":\"Organization\",\"@id\":\"https:\/\/www.frenzytours.com\/#organization\",\"name\":\"Frenzy Tours\",\"url\":\"https:\/\/www.frenzytours.com\/\",\"logo\":{\"@type\":\"ImageObject\",\"inLanguage\":\"en-US\",\"@id\":\"https:\/\/www.frenzytours.com\/#\/schema\/logo\/image\/\",\"url\":\"https:\/\/www.frenzytours.com\/wp-content\/uploads\/2025\/09\/logo_RS-1.webp\",\"contentUrl\":\"https:\/\/www.frenzytours.com\/wp-content\/uploads\/2025\/09\/logo_RS-1.webp\",\"width\":700,\"height\":700,\"caption\":\"Frenzy Tours\"},\"image\":{\"@id\":\"https:\/\/www.frenzytours.com\/#\/schema\/logo\/image\/\"},\"sameAs\":[\"https:\/\/www.facebook.com\/FrenzyTours\/\",\"https:\/\/www.instagram.com\/frenzytoursmtl\/\",\"https:\/\/www.tiktok.com\/@frenzy.tours\",\"https:\/\/www.youtube.com\/user\/FrenzyTours\/\"]}]}<\/script>\n<!-- \/ Yoast SEO plugin. -->","yoast_head_json":{"title":"Become a partner | Frenzy Tours","robots":{"index":"index","follow":"follow","max-snippet":"max-snippet:-1","max-image-preview":"max-image-preview:large","max-video-preview":"max-video-preview:-1"},"canonical":"https:\/\/www.frenzytours.com\/en\/become-a-partner\/","og_locale":"en_US","og_type":"article","og_title":"Become a partner | Frenzy Tours","og_description":"Become a partner Become a partner &#8211; English Informations de l&#8217;agence Nom de l&#8217;agence * Groupement d&#8217;agence * Agence de voyage autonomeCarlson-WagonLitClub VoyageAvantageAssociatourAtriumBTICAACampusEn Libert\u00e9R\u00e9seau EnsembleFascinationFuntastiqueGroupe Voyage HoneSellOffVacationsThomas CookTravelCutsUniglobeVoyages En Direct (VED)Voyages SearsVoyages Vasco\/Gama (VAS)Num\u00e9ro de permis * Adresse courriel * T\u00e9l\u00e9phone principal * T\u00e9l\u00e9phone secondaire T\u00e9l\u00e9copieur Adresse * Ville * Code postal * Province * [&hellip;]","og_url":"https:\/\/www.frenzytours.com\/en\/become-a-partner\/","og_site_name":"Frenzy Tours","article_publisher":"https:\/\/www.facebook.com\/FrenzyTours\/","article_modified_time":"2025-09-28T20:09:04+00:00","og_image":[{"width":1574,"height":773,"url":"https:\/\/www.frenzytours.com\/wp-content\/uploads\/2025\/09\/frenzy-tours-banner.webp","type":"image\/webp"}],"twitter_card":"summary_large_image","twitter_misc":{"Est. reading time":"1 minute"},"schema":{"@context":"https:\/\/schema.org","@graph":[{"@type":"WebPage","@id":"https:\/\/www.frenzytours.com\/en\/become-a-partner\/","url":"https:\/\/www.frenzytours.com\/en\/become-a-partner\/","name":"Become a partner | Frenzy Tours","isPartOf":{"@id":"https:\/\/www.frenzytours.com\/#website"},"datePublished":"2025-01-28T17:17:02+00:00","dateModified":"2025-09-28T20:09:04+00:00","breadcrumb":{"@id":"https:\/\/www.frenzytours.com\/en\/become-a-partner\/#breadcrumb"},"inLanguage":"en-US","potentialAction":[{"@type":"ReadAction","target":["https:\/\/www.frenzytours.com\/en\/become-a-partner\/"]}]},{"@type":"BreadcrumbList","@id":"https:\/\/www.frenzytours.com\/en\/become-a-partner\/#breadcrumb","itemListElement":[{"@type":"ListItem","position":1,"name":"Home","item":"https:\/\/www.frenzytours.com\/en\/home\/"},{"@type":"ListItem","position":2,"name":"Become a partner"}]},{"@type":"WebSite","@id":"https:\/\/www.frenzytours.com\/#website","url":"https:\/\/www.frenzytours.com\/","name":"Frenzy Tours","description":"The specialist in bus tour travel","publisher":{"@id":"https:\/\/www.frenzytours.com\/#organization"},"potentialAction":[{"@type":"SearchAction","target":{"@type":"EntryPoint","urlTemplate":"https:\/\/www.frenzytours.com\/?s={search_term_string}"},"query-input":{"@type":"PropertyValueSpecification","valueRequired":true,"valueName":"search_term_string"}}],"inLanguage":"en-US"},{"@type":"Organization","@id":"https:\/\/www.frenzytours.com\/#organization","name":"Frenzy Tours","url":"https:\/\/www.frenzytours.com\/","logo":{"@type":"ImageObject","inLanguage":"en-US","@id":"https:\/\/www.frenzytours.com\/#\/schema\/logo\/image\/","url":"https:\/\/www.frenzytours.com\/wp-content\/uploads\/2025\/09\/logo_RS-1.webp","contentUrl":"https:\/\/www.frenzytours.com\/wp-content\/uploads\/2025\/09\/logo_RS-1.webp","width":700,"height":700,"caption":"Frenzy Tours"},"image":{"@id":"https:\/\/www.frenzytours.com\/#\/schema\/logo\/image\/"},"sameAs":["https:\/\/www.facebook.com\/FrenzyTours\/","https:\/\/www.instagram.com\/frenzytoursmtl\/","https:\/\/www.tiktok.com\/@frenzy.tours","https:\/\/www.youtube.com\/user\/FrenzyTours\/"]}]}},"_links":{"self":[{"href":"https:\/\/www.frenzytours.com\/en\/wp-json\/wp\/v2\/pages\/4444","targetHints":{"allow":["GET"]}}],"collection":[{"href":"https:\/\/www.frenzytours.com\/en\/wp-json\/wp\/v2\/pages"}],"about":[{"href":"https:\/\/www.frenzytours.com\/en\/wp-json\/wp\/v2\/types\/page"}],"author":[{"embeddable":true,"href":"https:\/\/www.frenzytours.com\/en\/wp-json\/wp\/v2\/users\/1"}],"replies":[{"embeddable":true,"href":"https:\/\/www.frenzytours.com\/en\/wp-json\/wp\/v2\/comments?post=4444"}],"version-history":[{"count":18,"href":"https:\/\/www.frenzytours.com\/en\/wp-json\/wp\/v2\/pages\/4444\/revisions"}],"predecessor-version":[{"id":17791,"href":"https:\/\/www.frenzytours.com\/en\/wp-json\/wp\/v2\/pages\/4444\/revisions\/17791"}],"wp:attachment":[{"href":"https:\/\/www.frenzytours.com\/en\/wp-json\/wp\/v2\/media?parent=4444"}],"curies":[{"name":"wp","href":"https:\/\/api.w.org\/{rel}","templated":true}]}}