{"id":4461,"date":"2024-03-04T15:27:25","date_gmt":"2024-03-04T20:27:25","guid":{"rendered":"https:\/\/www.frenzytours.com\/mon-compte\/"},"modified":"2025-12-08T09:25:18","modified_gmt":"2025-12-08T14:25:18","slug":"my-account","status":"publish","type":"page","link":"https:\/\/www.frenzytours.com\/en\/my-account\/","title":{"rendered":"My account"},"content":{"rendered":"\t\t<div data-elementor-type=\"wp-page\" data-elementor-id=\"4461\" class=\"elementor elementor-4461 elementor-1998\" data-elementor-post-type=\"page\">\n\t\t\t\t<div class=\"elementor-element elementor-element-742d53cc e-flex e-con-boxed e-con e-parent\" data-id=\"742d53cc\" data-element_type=\"container\">\n\t\t\t\t\t<div class=\"e-con-inner\">\n\t\t<div class=\"elementor-element elementor-element-6536298 e-con-full e-flex e-con e-child\" data-id=\"6536298\" data-element_type=\"container\">\n\t\t\t\t<div class=\"elementor-element elementor-element-1271588 e-my-account-tabs-vertical elementor-widget elementor-widget-woocommerce-my-account\" data-id=\"1271588\" data-element_type=\"widget\" data-widget_type=\"woocommerce-my-account.default\">\n\t\t\t\t<div class=\"elementor-widget-container\">\n\t\t\t\t\t<div class=\"e-my-account-tab e-my-account-tab__ \">\t\t\t<div class=\"woocommerce\"><\/div>\t\t<\/div>\n\t\t\t\t\t\t<\/div>\n\t\t\t\t<\/div>\n\t\t\t\t<\/div>\n\t\t\t\t\t<\/div>\n\t\t\t\t<\/div>\n\t\t\t\t<\/div>\n\t\t","protected":false},"excerpt":{"rendered":"<p>Dashboard Orders Addresses Account Details Logout Bonjour shoogadev (vous n\u2019\u00eates pas shoogadev\u00a0? D\u00e9connexion) \u00c0 partir du tableau de bord de votre compte, vous pouvez visualiser vos commandes r\u00e9centes, g\u00e9rer vos adresses de facturation ainsi que changer votre mot de passe et les d\u00e9tails de votre compte.<\/p>\n","protected":false},"author":1,"featured_media":0,"parent":0,"menu_order":0,"comment_status":"closed","ping_status":"closed","template":"","meta":{"_acf_changed":false,"footnotes":""},"class_list":["post-4461","page","type-page","status-publish","hentry"],"acf":[],"yoast_head":"<!-- This site is optimized with the Yoast SEO plugin v26.9 - https:\/\/yoast.com\/product\/yoast-seo-wordpress\/ -->\n<title>My account | Frenzy Tours<\/title>\n<meta name=\"robots\" content=\"noindex, nofollow\" \/>\n<meta property=\"og:locale\" content=\"en_US\" \/>\n<meta property=\"og:type\" content=\"article\" \/>\n<meta property=\"og:title\" content=\"My account | Frenzy Tours\" \/>\n<meta property=\"og:description\" content=\"Dashboard Orders Addresses Account Details Logout Bonjour shoogadev (vous n\u2019\u00eates pas shoogadev\u00a0? D\u00e9connexion) \u00c0 partir du tableau de bord de votre compte, vous pouvez visualiser vos commandes r\u00e9centes, g\u00e9rer vos adresses de facturation ainsi que changer votre mot de passe et les d\u00e9tails de votre compte.\" \/>\n<meta property=\"og:url\" content=\"https:\/\/www.frenzytours.com\/en\/my-account\/\" \/>\n<meta property=\"og:site_name\" content=\"Frenzy Tours\" \/>\n<meta property=\"article:publisher\" content=\"https:\/\/www.facebook.com\/FrenzyTours\/\" \/>\n<meta property=\"article:modified_time\" content=\"2025-12-08T14:25:18+00:00\" \/>\n<meta property=\"og:image\" content=\"https:\/\/www.frenzytours.com\/wp-content\/uploads\/2025\/09\/frenzy-tours-banner.webp\" \/>\n\t<meta property=\"og:image:width\" content=\"1574\" \/>\n\t<meta property=\"og:image:height\" content=\"773\" \/>\n\t<meta property=\"og:image:type\" content=\"image\/webp\" \/>\n<meta name=\"twitter:card\" content=\"summary_large_image\" \/>\n<meta name=\"twitter:label1\" content=\"Est. reading time\" \/>\n\t<meta name=\"twitter:data1\" content=\"1 minute\" \/>\n<script type=\"application\/ld+json\" class=\"yoast-schema-graph\">{\"@context\":\"https:\/\/schema.org\",\"@graph\":[{\"@type\":\"WebPage\",\"@id\":\"https:\/\/www.frenzytours.com\/en\/my-account\/\",\"url\":\"https:\/\/www.frenzytours.com\/en\/my-account\/\",\"name\":\"My account | Frenzy Tours\",\"isPartOf\":{\"@id\":\"https:\/\/www.frenzytours.com\/#website\"},\"datePublished\":\"2024-03-04T20:27:25+00:00\",\"dateModified\":\"2025-12-08T14:25:18+00:00\",\"breadcrumb\":{\"@id\":\"https:\/\/www.frenzytours.com\/en\/my-account\/#breadcrumb\"},\"inLanguage\":\"en-US\",\"potentialAction\":[{\"@type\":\"ReadAction\",\"target\":[\"https:\/\/www.frenzytours.com\/en\/my-account\/\"]}]},{\"@type\":\"BreadcrumbList\",\"@id\":\"https:\/\/www.frenzytours.com\/en\/my-account\/#breadcrumb\",\"itemListElement\":[{\"@type\":\"ListItem\",\"position\":1,\"name\":\"Home\",\"item\":\"https:\/\/www.frenzytours.com\/en\/home\/\"},{\"@type\":\"ListItem\",\"position\":2,\"name\":\"My account\"}]},{\"@type\":\"WebSite\",\"@id\":\"https:\/\/www.frenzytours.com\/#website\",\"url\":\"https:\/\/www.frenzytours.com\/\",\"name\":\"Frenzy Tours\",\"description\":\"The specialist in bus tour travel\",\"publisher\":{\"@id\":\"https:\/\/www.frenzytours.com\/#organization\"},\"potentialAction\":[{\"@type\":\"SearchAction\",\"target\":{\"@type\":\"EntryPoint\",\"urlTemplate\":\"https:\/\/www.frenzytours.com\/?s={search_term_string}\"},\"query-input\":{\"@type\":\"PropertyValueSpecification\",\"valueRequired\":true,\"valueName\":\"search_term_string\"}}],\"inLanguage\":\"en-US\"},{\"@type\":\"Organization\",\"@id\":\"https:\/\/www.frenzytours.com\/#organization\",\"name\":\"Frenzy Tours\",\"url\":\"https:\/\/www.frenzytours.com\/\",\"logo\":{\"@type\":\"ImageObject\",\"inLanguage\":\"en-US\",\"@id\":\"https:\/\/www.frenzytours.com\/#\/schema\/logo\/image\/\",\"url\":\"https:\/\/www.frenzytours.com\/wp-content\/uploads\/2025\/09\/logo_RS-1.webp\",\"contentUrl\":\"https:\/\/www.frenzytours.com\/wp-content\/uploads\/2025\/09\/logo_RS-1.webp\",\"width\":700,\"height\":700,\"caption\":\"Frenzy Tours\"},\"image\":{\"@id\":\"https:\/\/www.frenzytours.com\/#\/schema\/logo\/image\/\"},\"sameAs\":[\"https:\/\/www.facebook.com\/FrenzyTours\/\",\"https:\/\/www.instagram.com\/frenzytoursmtl\/\",\"https:\/\/www.tiktok.com\/@frenzy.tours\",\"https:\/\/www.youtube.com\/user\/FrenzyTours\/\"]}]}<\/script>\n<!-- \/ Yoast SEO plugin. -->","yoast_head_json":{"title":"My account | Frenzy Tours","robots":{"index":"noindex","follow":"nofollow"},"og_locale":"en_US","og_type":"article","og_title":"My account | Frenzy Tours","og_description":"Dashboard Orders Addresses Account Details Logout Bonjour shoogadev (vous n\u2019\u00eates pas shoogadev\u00a0? D\u00e9connexion) \u00c0 partir du tableau de bord de votre compte, vous pouvez visualiser vos commandes r\u00e9centes, g\u00e9rer vos adresses de facturation ainsi que changer votre mot de passe et les d\u00e9tails de votre compte.","og_url":"https:\/\/www.frenzytours.com\/en\/my-account\/","og_site_name":"Frenzy Tours","article_publisher":"https:\/\/www.facebook.com\/FrenzyTours\/","article_modified_time":"2025-12-08T14:25:18+00:00","og_image":[{"width":1574,"height":773,"url":"https:\/\/www.frenzytours.com\/wp-content\/uploads\/2025\/09\/frenzy-tours-banner.webp","type":"image\/webp"}],"twitter_card":"summary_large_image","twitter_misc":{"Est. reading time":"1 minute"},"schema":{"@context":"https:\/\/schema.org","@graph":[{"@type":"WebPage","@id":"https:\/\/www.frenzytours.com\/en\/my-account\/","url":"https:\/\/www.frenzytours.com\/en\/my-account\/","name":"My account | Frenzy Tours","isPartOf":{"@id":"https:\/\/www.frenzytours.com\/#website"},"datePublished":"2024-03-04T20:27:25+00:00","dateModified":"2025-12-08T14:25:18+00:00","breadcrumb":{"@id":"https:\/\/www.frenzytours.com\/en\/my-account\/#breadcrumb"},"inLanguage":"en-US","potentialAction":[{"@type":"ReadAction","target":["https:\/\/www.frenzytours.com\/en\/my-account\/"]}]},{"@type":"BreadcrumbList","@id":"https:\/\/www.frenzytours.com\/en\/my-account\/#breadcrumb","itemListElement":[{"@type":"ListItem","position":1,"name":"Home","item":"https:\/\/www.frenzytours.com\/en\/home\/"},{"@type":"ListItem","position":2,"name":"My account"}]},{"@type":"WebSite","@id":"https:\/\/www.frenzytours.com\/#website","url":"https:\/\/www.frenzytours.com\/","name":"Frenzy Tours","description":"The specialist in bus tour travel","publisher":{"@id":"https:\/\/www.frenzytours.com\/#organization"},"potentialAction":[{"@type":"SearchAction","target":{"@type":"EntryPoint","urlTemplate":"https:\/\/www.frenzytours.com\/?s={search_term_string}"},"query-input":{"@type":"PropertyValueSpecification","valueRequired":true,"valueName":"search_term_string"}}],"inLanguage":"en-US"},{"@type":"Organization","@id":"https:\/\/www.frenzytours.com\/#organization","name":"Frenzy Tours","url":"https:\/\/www.frenzytours.com\/","logo":{"@type":"ImageObject","inLanguage":"en-US","@id":"https:\/\/www.frenzytours.com\/#\/schema\/logo\/image\/","url":"https:\/\/www.frenzytours.com\/wp-content\/uploads\/2025\/09\/logo_RS-1.webp","contentUrl":"https:\/\/www.frenzytours.com\/wp-content\/uploads\/2025\/09\/logo_RS-1.webp","width":700,"height":700,"caption":"Frenzy Tours"},"image":{"@id":"https:\/\/www.frenzytours.com\/#\/schema\/logo\/image\/"},"sameAs":["https:\/\/www.facebook.com\/FrenzyTours\/","https:\/\/www.instagram.com\/frenzytoursmtl\/","https:\/\/www.tiktok.com\/@frenzy.tours","https:\/\/www.youtube.com\/user\/FrenzyTours\/"]}]}},"_links":{"self":[{"href":"https:\/\/www.frenzytours.com\/en\/wp-json\/wp\/v2\/pages\/4461","targetHints":{"allow":["GET"]}}],"collection":[{"href":"https:\/\/www.frenzytours.com\/en\/wp-json\/wp\/v2\/pages"}],"about":[{"href":"https:\/\/www.frenzytours.com\/en\/wp-json\/wp\/v2\/types\/page"}],"author":[{"embeddable":true,"href":"https:\/\/www.frenzytours.com\/en\/wp-json\/wp\/v2\/users\/1"}],"replies":[{"embeddable":true,"href":"https:\/\/www.frenzytours.com\/en\/wp-json\/wp\/v2\/comments?post=4461"}],"version-history":[{"count":22,"href":"https:\/\/www.frenzytours.com\/en\/wp-json\/wp\/v2\/pages\/4461\/revisions"}],"predecessor-version":[{"id":18972,"href":"https:\/\/www.frenzytours.com\/en\/wp-json\/wp\/v2\/pages\/4461\/revisions\/18972"}],"wp:attachment":[{"href":"https:\/\/www.frenzytours.com\/en\/wp-json\/wp\/v2\/media?parent=4461"}],"curies":[{"name":"wp","href":"https:\/\/api.w.org\/{rel}","templated":true}]}}